{"id":441,"date":"2022-10-15T16:22:33","date_gmt":"2022-10-15T14:22:33","guid":{"rendered":"https:\/\/vetrum.ch\/impressum\/"},"modified":"2022-12-21T13:26:32","modified_gmt":"2022-12-21T12:26:32","slug":"impressum","status":"publish","type":"page","link":"https:\/\/vetrum.ch\/fr\/impressum\/","title":{"rendered":"Mentions l\u00e9gales"},"content":{"rendered":"\t\t<div data-elementor-type=\"wp-page\" data-elementor-id=\"441\" class=\"elementor elementor-441 elementor-428\" data-elementor-post-type=\"page\">\n\t\t\t\t\t\t<section class=\"elementor-section elementor-top-section elementor-element elementor-element-7dcb2ff0 elementor-section-boxed elementor-section-height-default elementor-section-height-default\" data-id=\"7dcb2ff0\" data-element_type=\"section\" id=\"next\">\n\t\t\t\t\t\t<div class=\"elementor-container elementor-column-gap-no\">\n\t\t\t\t\t<div class=\"elementor-column elementor-col-100 elementor-top-column elementor-element elementor-element-7d7a3ec9\" data-id=\"7d7a3ec9\" data-element_type=\"column\">\n\t\t\t<div class=\"elementor-widget-wrap elementor-element-populated\">\n\t\t\t\t\t\t<div class=\"elementor-element elementor-element-1074d669 elementor-widget elementor-widget-heading\" data-id=\"1074d669\" data-element_type=\"widget\" data-widget_type=\"heading.default\">\n\t\t\t\t<div class=\"elementor-widget-container\">\n\t\t\t\t\t<h1 class=\"elementor-heading-title elementor-size-default\"><span>Mentions l\u00e9gales<\/span><\/h1>\t\t\t\t<\/div>\n\t\t\t\t<\/div>\n\t\t\t\t\t<\/div>\n\t\t<\/div>\n\t\t\t\t\t<\/div>\n\t\t<\/section>\n\t\t\t\t<section class=\"elementor-section elementor-top-section elementor-element elementor-element-abfa593 elementor-section-boxed elementor-section-height-default elementor-section-height-default\" data-id=\"abfa593\" data-element_type=\"section\">\n\t\t\t\t\t\t<div class=\"elementor-container elementor-column-gap-no\">\n\t\t\t\t\t<div class=\"elementor-column elementor-col-100 elementor-top-column elementor-element elementor-element-a39efd5\" data-id=\"a39efd5\" data-element_type=\"column\">\n\t\t\t<div class=\"elementor-widget-wrap elementor-element-populated\">\n\t\t\t\t\t\t<div class=\"elementor-element elementor-element-c49ee0d elementor-widget elementor-widget-text-editor\" data-id=\"c49ee0d\" data-element_type=\"widget\" data-widget_type=\"text-editor.default\">\n\t\t\t\t<div class=\"elementor-widget-container\">\n\t\t\t\t\t\t\t\t\t<p><strong>Adresse<\/strong><br>Vetrum AG<br>Friedgrabenstrasse 15<br>8907 Wettswil<br>mail@vetrum.ch<\/p>\n<p><strong style=\"color: rgb(0, 0, 0); font-size: medium;\"><span lang=\"FR-CH\" style=\"font-size: 15pt; color: rgb(32, 12, 6);\">Conception &amp; R\u00e9alisation<\/span><\/strong><span style=\"color: rgb(0, 0, 0); font-size: medium;\"><\/span><br>arbermedia GmbH | <a href=\"https:\/\/arbermedia.ch\" target=\"_blank\" rel=\"noopener\">www.arbermedia.ch<\/a><\/p>\n<p><strong style=\"color: rgb(0, 0, 0); font-size: medium;\"><span lang=\"FR-CH\" style=\"font-size: 15pt; color: rgb(32, 12, 6);\">Programmation<\/span><\/strong><span style=\"color: rgb(0, 0, 0); font-size: medium;\"><\/span><br>ps-media GmbH| <a href=\"https:\/\/ps-media.ch\/\" target=\"_blank\" rel=\"noopener\">www.ps-media.ch<\/a><\/p>\n<p><b style=\"color: rgb(0, 0, 0); font-size: medium;\"><span lang=\"FR-CH\" style=\"font-size: 15pt; color: rgb(32, 12, 6);\">Cr\u00e9dit photo<\/span><\/b><span style=\"color: rgb(0, 0, 0); font-size: medium;\"><\/span><span style=\"font-weight: 700;\"><br><\/span><span lang=\"FR-CH\" style=\"font-size: 15pt;\">Toutes les photos sont de Viviane Toppel-Laubi.<\/span><span style=\"color: rgb(0, 0, 0); font-size: medium;\"><\/span><strong><br><\/strong><\/p>\n<p><strong style=\"color: rgb(0, 0, 0); font-size: medium;\"><span lang=\"FR-CH\" style=\"font-size: 15pt; color: rgb(32, 12, 6);\">Droits d\u2019auteur<\/span><\/strong><span style=\"color: rgb(0, 0, 0); font-size: medium;\"><\/span><br><span lang=\"FR-CH\" style=\"font-size: 15pt;\">Vetrum AG poss\u00e8de les droits d\u2019auteur de l\u2019ensemble du contenu du pr\u00e9sent site Internet.<\/span><span style=\"color: rgb(0, 0, 0); font-size: medium;\"><\/span><br><\/p>\n<p><strong style=\"color: rgb(0, 0, 0); font-size: medium;\"><span lang=\"FR-CH\" style=\"font-size: 15pt; color: rgb(32, 12, 6);\">Clause de non-responsabilit\u00e9<\/span><\/strong><span style=\"color: rgb(0, 0, 0); font-size: medium;\"><\/span><br><span lang=\"FR-CH\" style=\"font-size: 15pt;\">Tous les textes et liens ont \u00e9t\u00e9 soigneusement v\u00e9rifi\u00e9s et sont actualis\u00e9s en permanence. Nous nous effor\u00e7ons de fournir sur ce site Internet des informations exactes et exhaustives. Nous ne pouvons cependant \u00eatre tenus responsables ou garantir que les informations fournies sur ce site Internet sont exactes, exhaustives ou \u00e0 jour, ceci incluant aussi les entr\u00e9es de la base de donn\u00e9es. Nous nous r\u00e9servons le droit de modifier \u00e0 tout moment et sans pr\u00e9avis les informations figurant sur le pr\u00e9sent site Internet et ne sommes pas tenus de mettre \u00e0 jour les informations qu\u2019il contient. L\u2019exactitude de tous les liens menant \u00e0 des fournisseurs externes a \u00e9t\u00e9 v\u00e9rifi\u00e9e au moment de leur int\u00e9gration. Nous ne sommes pas responsables toutefois des contenus et de la disponibilit\u00e9 des sites Internet accessibles au moyen de liens hypertextes. Seul le fournisseur de la page ayant fait l\u2019objet du renvoi est responsable l\u00e9galement des contenus ill\u00e9gaux, erron\u00e9s ou incomplets et, en particulier, des dommages r\u00e9sultant de l\u2019utilisation non contr\u00f4l\u00e9e des contenus des pages mises en lien. Cette responsabilit\u00e9 incombe au fournisseur de la page peu importe que le dommage soit direct, indirect ou financier ou qu\u2019il s\u2019agisse d\u2019un autre dommage pouvant r\u00e9sulter d\u2019une perte de donn\u00e9es, d\u2019une perte d\u2019usage ou de toute autre cause.<\/span><span style=\"color: rgb(0, 0, 0); font-size: medium;\"><\/span><br><\/p>\t\t\t\t\t\t\t\t<\/div>\n\t\t\t\t<\/div>\n\t\t\t\t\t<\/div>\n\t\t<\/div>\n\t\t\t\t\t<\/div>\n\t\t<\/section>\n\t\t\t\t<\/div>\n\t\t","protected":false},"excerpt":{"rendered":"<p>Mentions l\u00e9gales AdresseVetrum AGFriedgrabenstrasse 158907 Wettswilmail@vetrum.ch Conception &amp; R\u00e9alisationarbermedia GmbH | www.arbermedia.ch Programmationps-media GmbH| www.ps-media.ch Cr\u00e9dit photoToutes les photos sont de Viviane Toppel-Laubi. Droits d\u2019auteurVetrum AG poss\u00e8de les droits d\u2019auteur de l\u2019ensemble du contenu du pr\u00e9sent site Internet. Clause de non-responsabilit\u00e9Tous les textes et liens ont \u00e9t\u00e9 soigneusement v\u00e9rifi\u00e9s et sont actualis\u00e9s en permanence. Nous [&hellip;]<\/p>\n","protected":false},"author":1,"featured_media":0,"parent":0,"menu_order":0,"comment_status":"closed","ping_status":"closed","template":"elementor_header_footer","meta":{"footnotes":""},"class_list":["post-441","page","type-page","status-publish","hentry"],"_links":{"self":[{"href":"https:\/\/vetrum.ch\/fr\/wp-json\/wp\/v2\/pages\/441","targetHints":{"allow":["GET"]}}],"collection":[{"href":"https:\/\/vetrum.ch\/fr\/wp-json\/wp\/v2\/pages"}],"about":[{"href":"https:\/\/vetrum.ch\/fr\/wp-json\/wp\/v2\/types\/page"}],"author":[{"embeddable":true,"href":"https:\/\/vetrum.ch\/fr\/wp-json\/wp\/v2\/users\/1"}],"replies":[{"embeddable":true,"href":"https:\/\/vetrum.ch\/fr\/wp-json\/wp\/v2\/comments?post=441"}],"version-history":[{"count":0,"href":"https:\/\/vetrum.ch\/fr\/wp-json\/wp\/v2\/pages\/441\/revisions"}],"wp:attachment":[{"href":"https:\/\/vetrum.ch\/fr\/wp-json\/wp\/v2\/media?parent=441"}],"curies":[{"name":"wp","href":"https:\/\/api.w.org\/{rel}","templated":true}]}}