{"id":356,"date":"2022-10-14T09:50:58","date_gmt":"2022-10-14T07:50:58","guid":{"rendered":"https:\/\/vetrum.ch\/?page_id=356"},"modified":"2023-10-12T13:30:55","modified_gmt":"2023-10-12T11:30:55","slug":"mobile-abfuellung","status":"publish","type":"page","link":"https:\/\/vetrum.ch\/fr\/dienstleistungen\/mobile-abfuellung\/","title":{"rendered":"Mise en bouteille \u00e0 fa\u00e7on mobile"},"content":{"rendered":"\t\t<div data-elementor-type=\"wp-page\" data-elementor-id=\"356\" class=\"elementor elementor-356 elementor-355\" data-elementor-post-type=\"page\">\n\t\t\t\t\t\t<section class=\"elementor-section elementor-top-section elementor-element elementor-element-1e8759c8 elementor-section-height-min-height elementor-section-items-stretch elementor-section-content-bottom elementor-section-full_width ps-hero elementor-section-height-default elementor-invisible\" data-id=\"1e8759c8\" data-element_type=\"section\" data-settings=\"{&quot;background_background&quot;:&quot;classic&quot;,&quot;animation&quot;:&quot;fadeIn&quot;}\">\n\t\t\t\t\t\t<div class=\"elementor-container elementor-column-gap-default\">\n\t\t\t\t\t<div class=\"elementor-column elementor-col-100 elementor-top-column elementor-element elementor-element-222a145d ps-hero\" data-id=\"222a145d\" data-element_type=\"column\" data-settings=\"{&quot;background_background&quot;:&quot;classic&quot;}\">\n\t\t\t<div class=\"elementor-widget-wrap\">\n\t\t\t\t\t\t\t<\/div>\n\t\t<\/div>\n\t\t\t\t\t<\/div>\n\t\t<\/section>\n\t\t\t\t<section class=\"elementor-section elementor-top-section elementor-element elementor-element-7dcb2ff0 elementor-section-boxed elementor-section-height-default elementor-section-height-default\" data-id=\"7dcb2ff0\" data-element_type=\"section\" id=\"next\">\n\t\t\t\t\t\t<div class=\"elementor-container elementor-column-gap-no\">\n\t\t\t\t\t<div class=\"elementor-column elementor-col-100 elementor-top-column elementor-element elementor-element-7d7a3ec9\" data-id=\"7d7a3ec9\" data-element_type=\"column\">\n\t\t\t<div class=\"elementor-widget-wrap elementor-element-populated\">\n\t\t\t\t\t\t<div class=\"elementor-element elementor-element-5e5efb9 elementor-position-left elementor-mobile-position-left elementor-view-default elementor-vertical-align-top elementor-widget elementor-widget-icon-box\" data-id=\"5e5efb9\" data-element_type=\"widget\" data-widget_type=\"icon-box.default\">\n\t\t\t\t<div class=\"elementor-widget-container\">\n\t\t\t\t\t\t\t<div class=\"elementor-icon-box-wrapper\">\n\n\t\t\t\t\t\t<div class=\"elementor-icon-box-icon\">\n\t\t\t\t<span  class=\"elementor-icon\">\n\t\t\t\t<svg xmlns=\"http:\/\/www.w3.org\/2000\/svg\" id=\"a\" viewBox=\"0 0 23.9 75.26\"><defs><style>.b,.c{fill:#979423;}.c{opacity:.6;}<\/style><\/defs><path class=\"b\" d=\"M23.89,37.06c0-.98-.16-2.05-.17-2.18h0v-.03c-.34-2.96-1.87-5.38-3.83-7.42-.94-.98-1.73-1.82-2.08-2.97h0c-.34-1.09-.39-2.32-.39-3.56V5.7h-3.34v15.21c0,1.5,.07,3.08,.56,4.61,.47,1.47,1.33,2.66,2.35,3.72h0c1.01,1.05,1.97,2.07,2.6,3.28,.59,1.13,.88,2.39,.88,3.67v.03s.02,.39,.04,1.12c0,.22,.01,3.48,.02,7.9-2.24,2.18-5.08,3.22-7.55,3.4V0h-2V48.58c-.36-.05-.71-.12-1.04-.22-2.89-.87-3.98-.34-6.52,.94,0-6.37,.01-11.69,.02-11.98,.02-.73,.04-1.12,.04-1.12v-.04c0-1.29,.29-2.54,.88-3.67,.63-1.21,1.58-2.23,2.6-3.28h0c1.02-1.06,1.88-2.25,2.35-3.72,.49-1.53,.55-3.11,.55-4.61V5.7h-3.34v15.21c0,1.24-.04,2.47-.38,3.56h0c-.36,1.15-1.15,1.99-2.08,2.97-1.96,2.05-3.5,4.46-3.83,7.42h0v.03c-.02,.12-.17,1.2-.18,2.18v38.2H23.9V37.06ZM3.38,71.81s0-10.76,.02-20.27c.3-.15,.58-.29,.84-.42,2.44-1.23,2.95-1.49,5.11-.84,2.99,.89,7.52,.28,11.16-2.42,.01,10.14,.02,23.95,.02,23.95H3.38Z\"><\/path><path class=\"c\" d=\"M9.34,50.28c-2.16-.65-2.66-.39-5.11,.84-.26,.13-.54,.27-.84,.42,0,9.5-.02,20.27-.02,20.27H20.52s0-13.8-.02-23.95c-3.64,2.7-8.18,3.31-11.16,2.42Z\"><\/path><\/svg>\t\t\t\t<\/span>\n\t\t\t<\/div>\n\t\t\t\n\t\t\t\t\t\t<div class=\"elementor-icon-box-content\">\n\n\t\t\t\t\t\t\t\t\t<h1 class=\"elementor-icon-box-title\">\n\t\t\t\t\t\t<span  >\n\t\t\t\t\t\t\t<span>MISE EN BOUTEILLE<\/span><br> \u00c0 FA\u00c7ON MOBILE\t\t\t\t\t\t<\/span>\n\t\t\t\t\t<\/h1>\n\t\t\t\t\n\t\t\t\t\n\t\t\t<\/div>\n\t\t\t\n\t\t<\/div>\n\t\t\t\t\t\t<\/div>\n\t\t\t\t<\/div>\n\t\t\t\t\t<\/div>\n\t\t<\/div>\n\t\t\t\t\t<\/div>\n\t\t<\/section>\n\t\t\t\t<section class=\"elementor-section elementor-top-section elementor-element elementor-element-abfa593 elementor-section-boxed elementor-section-height-default elementor-section-height-default\" data-id=\"abfa593\" data-element_type=\"section\">\n\t\t\t\t\t\t<div class=\"elementor-container elementor-column-gap-no\">\n\t\t\t\t\t<div class=\"elementor-column elementor-col-100 elementor-top-column elementor-element elementor-element-a39efd5\" data-id=\"a39efd5\" data-element_type=\"column\">\n\t\t\t<div class=\"elementor-widget-wrap elementor-element-populated\">\n\t\t\t\t\t\t<div class=\"elementor-element elementor-element-c49ee0d elementor-widget elementor-widget-text-editor\" data-id=\"c49ee0d\" data-element_type=\"widget\" data-widget_type=\"text-editor.default\">\n\t\t\t\t<div class=\"elementor-widget-container\">\n\t\t\t\t\t\t\t\t\t<p>Notre installation d\u2019embouteillage mobile est mont\u00e9e sur un ch\u00e2ssis roulant et est assur\u00e9e par un \u0153nologue exp\u00e9riment\u00e9. Le monobloc Galaxy 3200 de Costral a une capacit\u00e9 journali\u00e8re d\u2019environ 10 000 bouteilles \u2013 <a href=\"\/fr\/kontakt\">Tarifs et d\u00e9lais sur demande!<\/a><\/p>\t\t\t\t\t\t\t\t<\/div>\n\t\t\t\t<\/div>\n\t\t\t\t<div class=\"elementor-element elementor-element-60edecd elementor-align-left elementor-icon-list--layout-traditional elementor-list-item-link-full_width elementor-widget elementor-widget-icon-list\" data-id=\"60edecd\" data-element_type=\"widget\" data-widget_type=\"icon-list.default\">\n\t\t\t\t<div class=\"elementor-widget-container\">\n\t\t\t\t\t\t\t<ul class=\"elementor-icon-list-items\">\n\t\t\t\t\t\t\t<li class=\"elementor-icon-list-item\">\n\t\t\t\t\t\t\t\t\t\t\t<a href=\"https:\/\/vetrum.ch\/wp-content\/uploads\/2022\/12\/220179_VETRUM_Flyer_Mobile-Abfuellung_A4_Fakten_fr.pdf\" target=\"_blank\">\n\n\t\t\t\t\t\t\t\t\t\t\t\t<span class=\"elementor-icon-list-icon\">\n\t\t\t\t\t\t\t<svg xmlns=\"http:\/\/www.w3.org\/2000\/svg\" xmlns:xlink=\"http:\/\/www.w3.org\/1999\/xlink\" id=\"Gruppe_29\" data-name=\"Gruppe 29\" width=\"19.231\" height=\"26\" viewBox=\"0 0 19.231 26\"><defs><clipPath id=\"clip-path\"><rect id=\"Rechteck_39\" data-name=\"Rechteck 39\" width=\"19.231\" height=\"26\" fill=\"#979423\"><\/rect><\/clipPath><\/defs><g id=\"Gruppe_28\" data-name=\"Gruppe 28\" clip-path=\"url(#clip-path)\"><path id=\"Pfad_32\" data-name=\"Pfad 32\" d=\"M7.706,7.509H1.4v4.006H0v-.171C0,9.795,0,8.245,0,6.7a.435.435,0,0,1,.1-.26Q2.84,3.276,5.582.122A.313.313,0,0,1,5.846,0q6.605,0,13.211,0h.175V11.517H17.85V1.4h-.173q-5.607,0-11.214,0a.33.33,0,0,0-.223.094Q4.291,3.733,2.352,5.974c-.033.038-.063.078-.107.133H6.312V2.847H7.706Z\" transform=\"translate(0 0)\" fill=\"#979423\"><\/path><path id=\"Pfad_33\" data-name=\"Pfad 33\" d=\"M19.394,303.256H.175V298.17H1.558v3.688H18.006v-6.153h1.387Z\" transform=\"translate(-0.164 -277.256)\" fill=\"#979423\"><\/path><path id=\"Pfad_34\" data-name=\"Pfad 34\" d=\"M106.461,208.944V201.7h2.777a3.286,3.286,0,0,1,3.27,2.6,4.261,4.261,0,0,1-.3,2.942,2.852,2.852,0,0,1-2.657,1.71c-1,.016-2.006,0-3.009,0-.021,0-.041,0-.079-.007m1.486-1.234c.45,0,.885.008,1.32,0a1.64,1.64,0,0,0,1.566-1.119,3.473,3.473,0,0,0,.07-2.465,1.576,1.576,0,0,0-1.208-1.1,8.188,8.188,0,0,0-1.723-.064c-.007,0-.015.013-.025.022Z\" transform=\"translate(-99.819 -189.113)\" fill=\"#979423\"><\/path><path id=\"Pfad_35\" data-name=\"Pfad 35\" d=\"M1.524,206.282v2.613H0v-7.23c.053,0,.107-.011.161-.011,1.013,0,2.027-.009,3.04,0a2.175,2.175,0,0,1,2.052,1.223,2.3,2.3,0,0,1-.157,2.487,2.068,2.068,0,0,1-1.639.889c-.585.035-1.173.02-1.76.028H1.524m.006-3.362v2.118H1.7c.478,0,.957.016,1.433-.01a1.057,1.057,0,0,0,1.038-1.355.993.993,0,0,0-.98-.746c-.548-.03-1.1-.007-1.658-.007\" transform=\"translate(-0.004 -189.068)\" fill=\"#979423\"><\/path><path id=\"Pfad_36\" data-name=\"Pfad 36\" d=\"M225.7,201.84h5.15v1.254H227.22v1.649h3.173v1.285h-3.175v3.047H225.7Z\" transform=\"translate(-211.622 -189.247)\" fill=\"#979423\"><\/path><\/g><\/svg>\t\t\t\t\t\t<\/span>\n\t\t\t\t\t\t\t\t\t\t<span class=\"elementor-icon-list-text\">Donn\u00e9es techniques de l\u2019installation<\/span>\n\t\t\t\t\t\t\t\t\t\t\t<\/a>\n\t\t\t\t\t\t\t\t\t<\/li>\n\t\t\t\t\t\t<\/ul>\n\t\t\t\t\t\t<\/div>\n\t\t\t\t<\/div>\n\t\t\t\t\t<\/div>\n\t\t<\/div>\n\t\t\t\t\t<\/div>\n\t\t<\/section>\n\t\t\t\t<section class=\"elementor-section elementor-top-section elementor-element elementor-element-f078c4b elementor-section-boxed elementor-section-height-default elementor-section-height-default\" data-id=\"f078c4b\" data-element_type=\"section\">\n\t\t\t\t\t\t<div class=\"elementor-container elementor-column-gap-no\">\n\t\t\t\t\t<div class=\"elementor-column elementor-col-100 elementor-top-column elementor-element elementor-element-1ee91f3\" data-id=\"1ee91f3\" data-element_type=\"column\">\n\t\t\t<div class=\"elementor-widget-wrap elementor-element-populated\">\n\t\t\t\t\t\t<div class=\"elementor-element elementor-element-2a9c043 elementor-widget elementor-widget-text-editor\" data-id=\"2a9c043\" data-element_type=\"widget\" data-widget_type=\"text-editor.default\">\n\t\t\t\t<div class=\"elementor-widget-container\">\n\t\t\t\t\t\t\t\t\t<p><b>Autres prestations de service<\/b><br><\/p>\t\t\t\t\t\t\t\t<\/div>\n\t\t\t\t<\/div>\n\t\t\t\t\t<\/div>\n\t\t<\/div>\n\t\t\t\t\t<\/div>\n\t\t<\/section>\n\t\t\t\t<section class=\"elementor-section elementor-top-section elementor-element elementor-element-e06232f elementor-section-boxed elementor-section-height-default elementor-section-height-default\" data-id=\"e06232f\" data-element_type=\"section\">\n\t\t\t\t\t\t<div class=\"elementor-container elementor-column-gap-no\">\n\t\t\t\t\t<div class=\"elementor-column elementor-col-33 elementor-top-column elementor-element elementor-element-5a1bbcb\" data-id=\"5a1bbcb\" data-element_type=\"column\">\n\t\t\t<div class=\"elementor-widget-wrap elementor-element-populated\">\n\t\t\t\t\t\t<div class=\"elementor-element elementor-element-5940300 elementor-align-left elementor-tablet-align-left elementor-widget__width-auto elementor-widget elementor-widget-button\" data-id=\"5940300\" data-element_type=\"widget\" data-widget_type=\"button.default\">\n\t\t\t\t<div class=\"elementor-widget-container\">\n\t\t\t\t\t\t\t\t\t<div class=\"elementor-button-wrapper\">\n\t\t\t\t\t<a class=\"elementor-button elementor-button-link elementor-size-xl\" href=\"\/fr\/dienstleistungen\/neuglas-handel\/\">\n\t\t\t\t\t\t<span class=\"elementor-button-content-wrapper\">\n\t\t\t\t\t\t<span class=\"elementor-button-icon\">\n\t\t\t\t<svg xmlns=\"http:\/\/www.w3.org\/2000\/svg\" width=\"23.943\" height=\"36.228\" viewBox=\"0 0 23.943 36.228\"><path id=\"Pfad_8\" data-name=\"Pfad 8\" d=\"M9107.127,1710.777l16.711-21.539,16.71,21.539\" transform=\"translate(1712.18 -9105.724) rotate(90)\" fill=\"none\" stroke=\"#979423\" stroke-linecap=\"round\" stroke-linejoin=\"round\" stroke-width=\"2\"><\/path><\/svg>\t\t\t<\/span>\n\t\t\t\t\t\t\t\t\t<span class=\"elementor-button-text\">Verre neuf & activit\u00e9 commerciale<\/span>\n\t\t\t\t\t<\/span>\n\t\t\t\t\t<\/a>\n\t\t\t\t<\/div>\n\t\t\t\t\t\t\t\t<\/div>\n\t\t\t\t<\/div>\n\t\t\t\t\t<\/div>\n\t\t<\/div>\n\t\t\t\t<div class=\"elementor-column elementor-col-33 elementor-top-column elementor-element elementor-element-dd3ce3f\" data-id=\"dd3ce3f\" data-element_type=\"column\">\n\t\t\t<div class=\"elementor-widget-wrap elementor-element-populated\">\n\t\t\t\t\t\t<div class=\"elementor-element elementor-element-dd48c26 elementor-align-left elementor-tablet-align-left elementor-widget__width-auto elementor-widget elementor-widget-button\" data-id=\"dd48c26\" data-element_type=\"widget\" data-widget_type=\"button.default\">\n\t\t\t\t<div class=\"elementor-widget-container\">\n\t\t\t\t\t\t\t\t\t<div class=\"elementor-button-wrapper\">\n\t\t\t\t\t<a class=\"elementor-button elementor-button-link elementor-size-xl\" href=\"\/fr\/dienstleistungen\/waschglas-lohnwaschen\/\">\n\t\t\t\t\t\t<span class=\"elementor-button-content-wrapper\">\n\t\t\t\t\t\t<span class=\"elementor-button-icon\">\n\t\t\t\t<svg xmlns=\"http:\/\/www.w3.org\/2000\/svg\" width=\"23.943\" height=\"36.228\" viewBox=\"0 0 23.943 36.228\"><path id=\"Pfad_8\" data-name=\"Pfad 8\" d=\"M9107.127,1710.777l16.711-21.539,16.71,21.539\" transform=\"translate(1712.18 -9105.724) rotate(90)\" fill=\"none\" stroke=\"#979423\" stroke-linecap=\"round\" stroke-linejoin=\"round\" stroke-width=\"2\"><\/path><\/svg>\t\t\t<\/span>\n\t\t\t\t\t\t\t\t\t<span class=\"elementor-button-text\">Verre \u00e0 laver & Lavage industriel<\/span>\n\t\t\t\t\t<\/span>\n\t\t\t\t\t<\/a>\n\t\t\t\t<\/div>\n\t\t\t\t\t\t\t\t<\/div>\n\t\t\t\t<\/div>\n\t\t\t\t\t<\/div>\n\t\t<\/div>\n\t\t\t\t<div class=\"elementor-column elementor-col-33 elementor-top-column elementor-element elementor-element-d0458d1\" data-id=\"d0458d1\" data-element_type=\"column\">\n\t\t\t<div class=\"elementor-widget-wrap elementor-element-populated\">\n\t\t\t\t\t\t<div class=\"elementor-element elementor-element-4073e4b elementor-align-left elementor-tablet-align-left elementor-widget__width-auto elementor-widget elementor-widget-button\" data-id=\"4073e4b\" data-element_type=\"widget\" data-widget_type=\"button.default\">\n\t\t\t\t<div class=\"elementor-widget-container\">\n\t\t\t\t\t\t\t\t\t<div class=\"elementor-button-wrapper\">\n\t\t\t\t\t<a class=\"elementor-button elementor-button-link elementor-size-xl\" href=\"\/fr\/dienstleistungen\/sammlung-sortierung\/\">\n\t\t\t\t\t\t<span class=\"elementor-button-content-wrapper\">\n\t\t\t\t\t\t<span class=\"elementor-button-icon\">\n\t\t\t\t<svg xmlns=\"http:\/\/www.w3.org\/2000\/svg\" width=\"23.943\" height=\"36.228\" viewBox=\"0 0 23.943 36.228\"><path id=\"Pfad_8\" data-name=\"Pfad 8\" d=\"M9107.127,1710.777l16.711-21.539,16.71,21.539\" transform=\"translate(1712.18 -9105.724) rotate(90)\" fill=\"none\" stroke=\"#979423\" stroke-linecap=\"round\" stroke-linejoin=\"round\" stroke-width=\"2\"><\/path><\/svg>\t\t\t<\/span>\n\t\t\t\t\t\t\t\t\t<span class=\"elementor-button-text\">Collecte &<br> Tri<\/span>\n\t\t\t\t\t<\/span>\n\t\t\t\t\t<\/a>\n\t\t\t\t<\/div>\n\t\t\t\t\t\t\t\t<\/div>\n\t\t\t\t<\/div>\n\t\t\t\t\t<\/div>\n\t\t<\/div>\n\t\t\t\t\t<\/div>\n\t\t<\/section>\n\t\t\t\t<\/div>\n\t\t","protected":false},"excerpt":{"rendered":"<p>MISE EN BOUTEILLE \u00c0 FA\u00c7ON MOBILE Notre installation d\u2019embouteillage mobile est mont\u00e9e sur un ch\u00e2ssis roulant et est assur\u00e9e par un \u0153nologue exp\u00e9riment\u00e9. Le monobloc Galaxy 3200 de Costral a une capacit\u00e9 journali\u00e8re d\u2019environ 10 000 bouteilles \u2013 Tarifs et d\u00e9lais sur demande! Donn\u00e9es techniques de l\u2019installation Autres prestations de service Verre neuf &#038; activit\u00e9 [&hellip;]<\/p>\n","protected":false},"author":1,"featured_media":0,"parent":326,"menu_order":0,"comment_status":"closed","ping_status":"closed","template":"elementor_header_footer","meta":{"footnotes":""},"class_list":["post-356","page","type-page","status-publish","hentry"],"_links":{"self":[{"href":"https:\/\/vetrum.ch\/fr\/wp-json\/wp\/v2\/pages\/356","targetHints":{"allow":["GET"]}}],"collection":[{"href":"https:\/\/vetrum.ch\/fr\/wp-json\/wp\/v2\/pages"}],"about":[{"href":"https:\/\/vetrum.ch\/fr\/wp-json\/wp\/v2\/types\/page"}],"author":[{"embeddable":true,"href":"https:\/\/vetrum.ch\/fr\/wp-json\/wp\/v2\/users\/1"}],"replies":[{"embeddable":true,"href":"https:\/\/vetrum.ch\/fr\/wp-json\/wp\/v2\/comments?post=356"}],"version-history":[{"count":3,"href":"https:\/\/vetrum.ch\/fr\/wp-json\/wp\/v2\/pages\/356\/revisions"}],"predecessor-version":[{"id":742,"href":"https:\/\/vetrum.ch\/fr\/wp-json\/wp\/v2\/pages\/356\/revisions\/742"}],"up":[{"embeddable":true,"href":"https:\/\/vetrum.ch\/fr\/wp-json\/wp\/v2\/pages\/326"}],"wp:attachment":[{"href":"https:\/\/vetrum.ch\/fr\/wp-json\/wp\/v2\/media?parent=356"}],"curies":[{"name":"wp","href":"https:\/\/api.w.org\/{rel}","templated":true}]}}