{"id":351,"date":"2022-10-14T09:36:58","date_gmt":"2022-10-14T07:36:58","guid":{"rendered":"https:\/\/vetrum.ch\/?page_id=351"},"modified":"2023-10-12T13:30:24","modified_gmt":"2023-10-12T11:30:24","slug":"waschglas-lohnwaschen","status":"publish","type":"page","link":"https:\/\/vetrum.ch\/fr\/dienstleistungen\/waschglas-lohnwaschen\/","title":{"rendered":"Verre \u00e0 laver &#038; Lavage industriel"},"content":{"rendered":"\t\t<div data-elementor-type=\"wp-page\" data-elementor-id=\"351\" class=\"elementor elementor-351 elementor-350\" data-elementor-post-type=\"page\">\n\t\t\t\t\t\t<section class=\"elementor-section elementor-top-section elementor-element elementor-element-1e8759c8 elementor-section-height-min-height elementor-section-items-stretch elementor-section-content-bottom elementor-section-full_width ps-hero elementor-section-height-default elementor-invisible\" data-id=\"1e8759c8\" data-element_type=\"section\" data-settings=\"{&quot;background_background&quot;:&quot;classic&quot;,&quot;animation&quot;:&quot;fadeIn&quot;}\">\n\t\t\t\t\t\t<div class=\"elementor-container elementor-column-gap-default\">\n\t\t\t\t\t<div class=\"elementor-column elementor-col-100 elementor-top-column elementor-element elementor-element-222a145d ps-hero\" data-id=\"222a145d\" data-element_type=\"column\" data-settings=\"{&quot;background_background&quot;:&quot;classic&quot;}\">\n\t\t\t<div class=\"elementor-widget-wrap\">\n\t\t\t\t\t\t\t<\/div>\n\t\t<\/div>\n\t\t\t\t\t<\/div>\n\t\t<\/section>\n\t\t\t\t<section class=\"elementor-section elementor-top-section elementor-element elementor-element-7dcb2ff0 elementor-section-boxed elementor-section-height-default elementor-section-height-default\" data-id=\"7dcb2ff0\" data-element_type=\"section\" id=\"next\">\n\t\t\t\t\t\t<div class=\"elementor-container elementor-column-gap-no\">\n\t\t\t\t\t<div class=\"elementor-column elementor-col-100 elementor-top-column elementor-element elementor-element-7d7a3ec9\" data-id=\"7d7a3ec9\" data-element_type=\"column\">\n\t\t\t<div class=\"elementor-widget-wrap elementor-element-populated\">\n\t\t\t\t\t\t<div class=\"elementor-element elementor-element-5e5efb9 elementor-position-left elementor-mobile-position-left elementor-view-default elementor-vertical-align-top elementor-widget elementor-widget-icon-box\" data-id=\"5e5efb9\" data-element_type=\"widget\" data-widget_type=\"icon-box.default\">\n\t\t\t\t<div class=\"elementor-widget-container\">\n\t\t\t\t\t\t\t<div class=\"elementor-icon-box-wrapper\">\n\n\t\t\t\t\t\t<div class=\"elementor-icon-box-icon\">\n\t\t\t\t<span  class=\"elementor-icon\">\n\t\t\t\t<svg xmlns=\"http:\/\/www.w3.org\/2000\/svg\" xmlns:xlink=\"http:\/\/www.w3.org\/1999\/xlink\" id=\"Gruppe_55\" data-name=\"Gruppe 55\" width=\"73.518\" height=\"111\" viewBox=\"0 0 73.518 111\"><defs><clipPath id=\"clip-path\"><rect id=\"Rechteck_88\" data-name=\"Rechteck 88\" width=\"73.518\" height=\"111\" fill=\"#979423\"><\/rect><\/clipPath><clipPath id=\"clip-path-2\"><rect id=\"Rechteck_87\" data-name=\"Rechteck 87\" width=\"73.519\" height=\"111.001\" fill=\"#979423\"><\/rect><\/clipPath><clipPath id=\"clip-path-3\"><rect id=\"Rechteck_84\" data-name=\"Rechteck 84\" width=\"14.836\" height=\"14.836\" fill=\"#979423\"><\/rect><\/clipPath><clipPath id=\"clip-path-4\"><rect id=\"Rechteck_85\" data-name=\"Rechteck 85\" width=\"9.209\" height=\"9.209\" fill=\"#979423\"><\/rect><\/clipPath><\/defs><g id=\"Gruppe_46\" data-name=\"Gruppe 46\" clip-path=\"url(#clip-path)\"><g id=\"Gruppe_45\" data-name=\"Gruppe 45\" transform=\"translate(0 -0.001)\"><g id=\"Gruppe_44\" data-name=\"Gruppe 44\" clip-path=\"url(#clip-path-2)\"><g id=\"Gruppe_37\" data-name=\"Gruppe 37\" transform=\"translate(50.888 16.164)\" opacity=\"0.6\"><g id=\"Gruppe_36\" data-name=\"Gruppe 36\"><g id=\"Gruppe_35\" data-name=\"Gruppe 35\" clip-path=\"url(#clip-path-3)\"><path id=\"Pfad_48\" data-name=\"Pfad 48\" d=\"M46.727,17.548a7.418,7.418,0,1,1-7.419-7.419,7.419,7.419,0,0,1,7.419,7.419\" transform=\"translate(-31.89 -10.129)\" fill=\"#979423\"><\/path><\/g><\/g><\/g><g id=\"Gruppe_40\" data-name=\"Gruppe 40\" transform=\"translate(64.309 29.485)\" opacity=\"0.6\"><g id=\"Gruppe_39\" data-name=\"Gruppe 39\"><g id=\"Gruppe_38\" data-name=\"Gruppe 38\" clip-path=\"url(#clip-path-4)\"><path id=\"Pfad_49\" data-name=\"Pfad 49\" d=\"M49.51,23.082a4.6,4.6,0,1,1-4.6-4.6,4.6,4.6,0,0,1,4.6,4.6\" transform=\"translate(-40.301 -18.476)\" fill=\"#979423\"><\/path><\/g><\/g><\/g><path id=\"Pfad_50\" data-name=\"Pfad 50\" d=\"M38.721,11.6a3.93,3.93,0,1,1-3.93-3.93,3.931,3.931,0,0,1,3.93,3.93\" transform=\"translate(18.384 4.567)\" fill=\"#979423\"><\/path><g id=\"Gruppe_43\" data-name=\"Gruppe 43\" transform=\"translate(16.816 89.581)\" opacity=\"0.6\"><g id=\"Gruppe_42\" data-name=\"Gruppe 42\"><g id=\"Gruppe_41\" data-name=\"Gruppe 41\" clip-path=\"url(#clip-path-4)\"><path id=\"Pfad_51\" data-name=\"Pfad 51\" d=\"M19.747,60.742a4.6,4.6,0,1,1-4.6-4.6,4.6,4.6,0,0,1,4.6,4.6\" transform=\"translate(-10.539 -56.137)\" fill=\"#979423\"><\/path><\/g><\/g><\/g><path id=\"Pfad_52\" data-name=\"Pfad 52\" d=\"M14.836,55.125a7.418,7.418,0,1,1-7.419-7.419,7.419,7.419,0,0,1,7.419,7.419\" transform=\"translate(0 28.421)\" fill=\"#979423\"><\/path><path id=\"Pfad_53\" data-name=\"Pfad 53\" d=\"M44.6,38.373c.022,15.943.04,44.666.04,44.666H17.275s0-1.725,0-4.533a7.545,7.545,0,0,1-3.072.662,7.47,7.47,0,0,1-2.315-.4l0,9.774H50.023L50.007,37.7a16.657,16.657,0,0,1-4.8.707c-.207,0-.409-.022-.614-.03\" transform=\"translate(7.082 22.457)\" fill=\"#979423\"><\/path><path id=\"Pfad_54\" data-name=\"Pfad 54\" d=\"M31.283,24.263V0H25.952V24.263a25.3,25.3,0,0,0,.732,6.742,16.568,16.568,0,0,1,4.862-2.6,25.2,25.2,0,0,1-.263-4.144\" transform=\"translate(15.46 0.001)\" fill=\"#979423\"><\/path><path id=\"Pfad_55\" data-name=\"Pfad 55\" d=\"M17.285,87.148c.013-15.728.03-35.961.048-36.67.037-1.165.067-1.779.067-1.779l0-.029v-.027a12.625,12.625,0,0,1,1.4-5.86,23.134,23.134,0,0,1,4.144-5.229l0,0a15.332,15.332,0,0,0,3.748-5.939,23.851,23.851,0,0,0,.881-7.348V0h-5.33V24.265a18.832,18.832,0,0,1-.614,5.678v0A12.375,12.375,0,0,1,18.3,34.683c-3.134,3.266-5.585,7.125-6.118,11.847l0,.021,0,.019a27.5,27.5,0,0,0-.279,3.472l-.011,36.836a7.215,7.215,0,0,1,5.392.27\" transform=\"translate(7.085 0.001)\" fill=\"#979423\"><\/path><path id=\"Pfad_56\" data-name=\"Pfad 56\" d=\"M50.352,32.478a12.8,12.8,0,1,1-12.8-12.8,12.8,12.8,0,0,1,12.8,12.8\" transform=\"translate(14.743 11.722)\" fill=\"#979423\"><\/path><\/g><\/g><\/g><\/svg>\t\t\t\t<\/span>\n\t\t\t<\/div>\n\t\t\t\n\t\t\t\t\t\t<div class=\"elementor-icon-box-content\">\n\n\t\t\t\t\t\t\t\t\t<h1 class=\"elementor-icon-box-title\">\n\t\t\t\t\t\t<span  >\n\t\t\t\t\t\t\t<span>VERRE \u00c0 LAVER &amp;<\/span><br>LAVAGE INDUSTRIEL\t\t\t\t\t\t<\/span>\n\t\t\t\t\t<\/h1>\n\t\t\t\t\n\t\t\t\t\n\t\t\t<\/div>\n\t\t\t\n\t\t<\/div>\n\t\t\t\t\t\t<\/div>\n\t\t\t\t<\/div>\n\t\t\t\t\t<\/div>\n\t\t<\/div>\n\t\t\t\t\t<\/div>\n\t\t<\/section>\n\t\t\t\t<section class=\"elementor-section elementor-top-section elementor-element elementor-element-764b87d elementor-section-boxed elementor-section-height-default elementor-section-height-default\" data-id=\"764b87d\" data-element_type=\"section\">\n\t\t\t\t\t\t<div class=\"elementor-container elementor-column-gap-no\">\n\t\t\t\t\t<div class=\"elementor-column elementor-col-100 elementor-top-column elementor-element elementor-element-1412252\" data-id=\"1412252\" data-element_type=\"column\">\n\t\t\t<div class=\"elementor-widget-wrap elementor-element-populated\">\n\t\t\t\t\t\t<div class=\"elementor-element elementor-element-1f98caf elementor-widget elementor-widget-text-editor\" data-id=\"1f98caf\" data-element_type=\"widget\" data-widget_type=\"text-editor.default\">\n\t\t\t\t<div class=\"elementor-widget-container\">\n\t\t\t\t\t\t\t\t\t<p>Depuis les d\u00e9buts de l\u2019entreprise dans les ann\u00e9es 1970, notre pr\u00e9occupation principale est de r\u00e9utiliser les bouteilles en verre et de promouvoir l\u2019\u00e9conomie circulaire.<\/p><p><b>Contribution environnementale<\/b><br \/>Nous nettoyons les bouteilles de vin, de bi\u00e8re et d\u2019eau min\u00e9rale vides, ainsi que les r\u00e9cipients alimentaires, en vue de leur r\u00e9utilisation: nous apportons donc une contribution importante \u00e0 la protection de notre environnement et proposons une gamme s\u00e9lectionn\u00e9e de verre de lavage.<\/p>\t\t\t\t\t\t\t\t<\/div>\n\t\t\t\t<\/div>\n\t\t\t\t\t<\/div>\n\t\t<\/div>\n\t\t\t\t\t<\/div>\n\t\t<\/section>\n\t\t\t\t<section class=\"elementor-section elementor-top-section elementor-element elementor-element-80d0edd elementor-section-boxed elementor-section-height-default elementor-section-height-default\" data-id=\"80d0edd\" data-element_type=\"section\">\n\t\t\t\t\t\t<div class=\"elementor-container elementor-column-gap-no\">\n\t\t\t\t\t<div class=\"elementor-column elementor-col-100 elementor-top-column elementor-element elementor-element-f32fd68\" data-id=\"f32fd68\" data-element_type=\"column\">\n\t\t\t<div class=\"elementor-widget-wrap elementor-element-populated\">\n\t\t\t\t\t\t<div class=\"elementor-element elementor-element-3a989a9 elementor-widget elementor-widget-text-editor\" data-id=\"3a989a9\" data-element_type=\"widget\" data-widget_type=\"text-editor.default\">\n\t\t\t\t<div class=\"elementor-widget-container\">\n\t\t\t\t\t\t\t\t\t<p><b>R\u00e9utilisation: r\u00e9duction des \u00e9missions de CO2<\/b><br \/>La fabrication du verre n\u00e9cessite un degr\u00e9 de fusion de 1700\u00b0C dans des fours de fusion fonctionnant en permanence. En comparaison, le processus de lavage a seulement besoin d\u2019une temp\u00e9rature moyenne de 75\u00b0C et g\u00e9n\u00e8re donc des \u00e9missions de CO2 nettement plus faibles.<\/p>\t\t\t\t\t\t\t\t<\/div>\n\t\t\t\t<\/div>\n\t\t\t\t<div class=\"elementor-element elementor-element-d622203 elementor-align-left elementor-icon-list--layout-traditional elementor-list-item-link-full_width elementor-widget elementor-widget-icon-list\" data-id=\"d622203\" data-element_type=\"widget\" data-widget_type=\"icon-list.default\">\n\t\t\t\t<div class=\"elementor-widget-container\">\n\t\t\t\t\t\t\t<ul class=\"elementor-icon-list-items\">\n\t\t\t\t\t\t\t<li class=\"elementor-icon-list-item\">\n\t\t\t\t\t\t\t\t\t\t\t<a href=\"https:\/\/vetrum.ch\/wp-content\/uploads\/2022\/12\/220179_VETRUM_Infoblatt_Oekobilanz-Mehrwegflaschen_fr.pdf\" target=\"_blank\">\n\n\t\t\t\t\t\t\t\t\t\t\t\t<span class=\"elementor-icon-list-icon\">\n\t\t\t\t\t\t\t<svg xmlns=\"http:\/\/www.w3.org\/2000\/svg\" xmlns:xlink=\"http:\/\/www.w3.org\/1999\/xlink\" id=\"Gruppe_29\" data-name=\"Gruppe 29\" width=\"19.231\" height=\"26\" viewBox=\"0 0 19.231 26\"><defs><clipPath id=\"clip-path\"><rect id=\"Rechteck_39\" data-name=\"Rechteck 39\" width=\"19.231\" height=\"26\" fill=\"#979423\"><\/rect><\/clipPath><\/defs><g id=\"Gruppe_28\" data-name=\"Gruppe 28\" clip-path=\"url(#clip-path)\"><path id=\"Pfad_32\" data-name=\"Pfad 32\" d=\"M7.706,7.509H1.4v4.006H0v-.171C0,9.795,0,8.245,0,6.7a.435.435,0,0,1,.1-.26Q2.84,3.276,5.582.122A.313.313,0,0,1,5.846,0q6.605,0,13.211,0h.175V11.517H17.85V1.4h-.173q-5.607,0-11.214,0a.33.33,0,0,0-.223.094Q4.291,3.733,2.352,5.974c-.033.038-.063.078-.107.133H6.312V2.847H7.706Z\" transform=\"translate(0 0)\" fill=\"#979423\"><\/path><path id=\"Pfad_33\" data-name=\"Pfad 33\" d=\"M19.394,303.256H.175V298.17H1.558v3.688H18.006v-6.153h1.387Z\" transform=\"translate(-0.164 -277.256)\" fill=\"#979423\"><\/path><path id=\"Pfad_34\" data-name=\"Pfad 34\" d=\"M106.461,208.944V201.7h2.777a3.286,3.286,0,0,1,3.27,2.6,4.261,4.261,0,0,1-.3,2.942,2.852,2.852,0,0,1-2.657,1.71c-1,.016-2.006,0-3.009,0-.021,0-.041,0-.079-.007m1.486-1.234c.45,0,.885.008,1.32,0a1.64,1.64,0,0,0,1.566-1.119,3.473,3.473,0,0,0,.07-2.465,1.576,1.576,0,0,0-1.208-1.1,8.188,8.188,0,0,0-1.723-.064c-.007,0-.015.013-.025.022Z\" transform=\"translate(-99.819 -189.113)\" fill=\"#979423\"><\/path><path id=\"Pfad_35\" data-name=\"Pfad 35\" d=\"M1.524,206.282v2.613H0v-7.23c.053,0,.107-.011.161-.011,1.013,0,2.027-.009,3.04,0a2.175,2.175,0,0,1,2.052,1.223,2.3,2.3,0,0,1-.157,2.487,2.068,2.068,0,0,1-1.639.889c-.585.035-1.173.02-1.76.028H1.524m.006-3.362v2.118H1.7c.478,0,.957.016,1.433-.01a1.057,1.057,0,0,0,1.038-1.355.993.993,0,0,0-.98-.746c-.548-.03-1.1-.007-1.658-.007\" transform=\"translate(-0.004 -189.068)\" fill=\"#979423\"><\/path><path id=\"Pfad_36\" data-name=\"Pfad 36\" d=\"M225.7,201.84h5.15v1.254H227.22v1.649h3.173v1.285h-3.175v3.047H225.7Z\" transform=\"translate(-211.622 -189.247)\" fill=\"#979423\"><\/path><\/g><\/svg>\t\t\t\t\t\t<\/span>\n\t\t\t\t\t\t\t\t\t\t<span class=\"elementor-icon-list-text\">Bilan \u00e9cologique des bouteilles de boisson r\u00e9utilisables<\/span>\n\t\t\t\t\t\t\t\t\t\t\t<\/a>\n\t\t\t\t\t\t\t\t\t<\/li>\n\t\t\t\t\t\t<\/ul>\n\t\t\t\t\t\t<\/div>\n\t\t\t\t<\/div>\n\t\t\t\t\t<\/div>\n\t\t<\/div>\n\t\t\t\t\t<\/div>\n\t\t<\/section>\n\t\t\t\t<section class=\"elementor-section elementor-top-section elementor-element elementor-element-15fcc52 elementor-section-boxed elementor-section-height-default elementor-section-height-default\" data-id=\"15fcc52\" data-element_type=\"section\">\n\t\t\t\t\t\t<div class=\"elementor-container elementor-column-gap-no\">\n\t\t\t\t\t<div class=\"elementor-column elementor-col-100 elementor-top-column elementor-element elementor-element-4b14521\" data-id=\"4b14521\" data-element_type=\"column\">\n\t\t\t<div class=\"elementor-widget-wrap elementor-element-populated\">\n\t\t\t\t\t\t<div class=\"elementor-element elementor-element-27b236f elementor-widget elementor-widget-text-editor\" data-id=\"27b236f\" data-element_type=\"widget\" data-widget_type=\"text-editor.default\">\n\t\t\t\t<div class=\"elementor-widget-container\">\n\t\t\t\t\t\t\t\t\t<p>Nous remettons vos bouteilles usag\u00e9es en \u00e9tat r\u00e9utilisable: <a href=\"\/kontakt\" target=\"_blank\" rel=\"noopener\" data-saferedirecturl=\"https:\/\/www.google.com\/url?q=https:\/\/vetrum.ch\/fr\/kontakt&amp;source=gmail&amp;ust=1671870042530000&amp;usg=AOvVaw2ts201lEMVyvj7Af3B3OPx\">nous vous ferons volontiers un devis!<\/a><\/p>\t\t\t\t\t\t\t\t<\/div>\n\t\t\t\t<\/div>\n\t\t\t\t\t<\/div>\n\t\t<\/div>\n\t\t\t\t\t<\/div>\n\t\t<\/section>\n\t\t\t\t<section class=\"elementor-section elementor-top-section elementor-element elementor-element-f078c4b elementor-section-boxed elementor-section-height-default elementor-section-height-default\" data-id=\"f078c4b\" data-element_type=\"section\">\n\t\t\t\t\t\t<div class=\"elementor-container elementor-column-gap-no\">\n\t\t\t\t\t<div class=\"elementor-column elementor-col-100 elementor-top-column elementor-element elementor-element-1ee91f3\" data-id=\"1ee91f3\" data-element_type=\"column\">\n\t\t\t<div class=\"elementor-widget-wrap elementor-element-populated\">\n\t\t\t\t\t\t<div class=\"elementor-element elementor-element-2a9c043 elementor-widget elementor-widget-text-editor\" data-id=\"2a9c043\" data-element_type=\"widget\" data-widget_type=\"text-editor.default\">\n\t\t\t\t<div class=\"elementor-widget-container\">\n\t\t\t\t\t\t\t\t\t<p><b>Autres prestations de service<\/b><br><\/p>\t\t\t\t\t\t\t\t<\/div>\n\t\t\t\t<\/div>\n\t\t\t\t\t<\/div>\n\t\t<\/div>\n\t\t\t\t\t<\/div>\n\t\t<\/section>\n\t\t\t\t<section class=\"elementor-section elementor-top-section elementor-element elementor-element-e06232f elementor-section-boxed elementor-section-height-default elementor-section-height-default\" data-id=\"e06232f\" data-element_type=\"section\">\n\t\t\t\t\t\t<div class=\"elementor-container elementor-column-gap-no\">\n\t\t\t\t\t<div class=\"elementor-column elementor-col-33 elementor-top-column elementor-element elementor-element-5a1bbcb\" data-id=\"5a1bbcb\" data-element_type=\"column\">\n\t\t\t<div class=\"elementor-widget-wrap elementor-element-populated\">\n\t\t\t\t\t\t<div class=\"elementor-element elementor-element-5940300 elementor-align-left elementor-tablet-align-left elementor-widget__width-auto elementor-widget elementor-widget-button\" data-id=\"5940300\" data-element_type=\"widget\" data-widget_type=\"button.default\">\n\t\t\t\t<div class=\"elementor-widget-container\">\n\t\t\t\t\t\t\t\t\t<div class=\"elementor-button-wrapper\">\n\t\t\t\t\t<a class=\"elementor-button elementor-button-link elementor-size-xl\" href=\"\/fr\/dienstleistungen\/neuglas-handel\/\">\n\t\t\t\t\t\t<span class=\"elementor-button-content-wrapper\">\n\t\t\t\t\t\t<span class=\"elementor-button-icon\">\n\t\t\t\t<svg xmlns=\"http:\/\/www.w3.org\/2000\/svg\" width=\"23.943\" height=\"36.228\" viewBox=\"0 0 23.943 36.228\"><path id=\"Pfad_8\" data-name=\"Pfad 8\" d=\"M9107.127,1710.777l16.711-21.539,16.71,21.539\" transform=\"translate(1712.18 -9105.724) rotate(90)\" fill=\"none\" stroke=\"#979423\" stroke-linecap=\"round\" stroke-linejoin=\"round\" stroke-width=\"2\"><\/path><\/svg>\t\t\t<\/span>\n\t\t\t\t\t\t\t\t\t<span class=\"elementor-button-text\">Verre neuf & activit\u00e9 commerciale<\/span>\n\t\t\t\t\t<\/span>\n\t\t\t\t\t<\/a>\n\t\t\t\t<\/div>\n\t\t\t\t\t\t\t\t<\/div>\n\t\t\t\t<\/div>\n\t\t\t\t\t<\/div>\n\t\t<\/div>\n\t\t\t\t<div class=\"elementor-column elementor-col-33 elementor-top-column elementor-element elementor-element-dd3ce3f\" data-id=\"dd3ce3f\" data-element_type=\"column\">\n\t\t\t<div class=\"elementor-widget-wrap elementor-element-populated\">\n\t\t\t\t\t\t<div class=\"elementor-element elementor-element-dd48c26 elementor-align-left elementor-tablet-align-left elementor-widget__width-auto elementor-widget elementor-widget-button\" data-id=\"dd48c26\" data-element_type=\"widget\" data-widget_type=\"button.default\">\n\t\t\t\t<div class=\"elementor-widget-container\">\n\t\t\t\t\t\t\t\t\t<div class=\"elementor-button-wrapper\">\n\t\t\t\t\t<a class=\"elementor-button elementor-button-link elementor-size-xl\" href=\"\/fr\/dienstleistungen\/mobile-abfuellung\/\">\n\t\t\t\t\t\t<span class=\"elementor-button-content-wrapper\">\n\t\t\t\t\t\t<span class=\"elementor-button-icon\">\n\t\t\t\t<svg xmlns=\"http:\/\/www.w3.org\/2000\/svg\" width=\"23.943\" height=\"36.228\" viewBox=\"0 0 23.943 36.228\"><path id=\"Pfad_8\" data-name=\"Pfad 8\" d=\"M9107.127,1710.777l16.711-21.539,16.71,21.539\" transform=\"translate(1712.18 -9105.724) rotate(90)\" fill=\"none\" stroke=\"#979423\" stroke-linecap=\"round\" stroke-linejoin=\"round\" stroke-width=\"2\"><\/path><\/svg>\t\t\t<\/span>\n\t\t\t\t\t\t\t\t\t<span class=\"elementor-button-text\">Mise en bouteille \u00e0 fa\u00e7on mobile<\/span>\n\t\t\t\t\t<\/span>\n\t\t\t\t\t<\/a>\n\t\t\t\t<\/div>\n\t\t\t\t\t\t\t\t<\/div>\n\t\t\t\t<\/div>\n\t\t\t\t\t<\/div>\n\t\t<\/div>\n\t\t\t\t<div class=\"elementor-column elementor-col-33 elementor-top-column elementor-element elementor-element-d0458d1\" data-id=\"d0458d1\" data-element_type=\"column\">\n\t\t\t<div class=\"elementor-widget-wrap elementor-element-populated\">\n\t\t\t\t\t\t<div class=\"elementor-element elementor-element-4073e4b elementor-align-left elementor-tablet-align-left elementor-widget__width-auto elementor-widget elementor-widget-button\" data-id=\"4073e4b\" data-element_type=\"widget\" data-widget_type=\"button.default\">\n\t\t\t\t<div class=\"elementor-widget-container\">\n\t\t\t\t\t\t\t\t\t<div class=\"elementor-button-wrapper\">\n\t\t\t\t\t<a class=\"elementor-button elementor-button-link elementor-size-xl\" href=\"\/fr\/dienstleistungen\/sammlung-sortierung\/\">\n\t\t\t\t\t\t<span class=\"elementor-button-content-wrapper\">\n\t\t\t\t\t\t<span class=\"elementor-button-icon\">\n\t\t\t\t<svg xmlns=\"http:\/\/www.w3.org\/2000\/svg\" width=\"23.943\" height=\"36.228\" viewBox=\"0 0 23.943 36.228\"><path id=\"Pfad_8\" data-name=\"Pfad 8\" d=\"M9107.127,1710.777l16.711-21.539,16.71,21.539\" transform=\"translate(1712.18 -9105.724) rotate(90)\" fill=\"none\" stroke=\"#979423\" stroke-linecap=\"round\" stroke-linejoin=\"round\" stroke-width=\"2\"><\/path><\/svg>\t\t\t<\/span>\n\t\t\t\t\t\t\t\t\t<span class=\"elementor-button-text\">Collecte &<br> Tri<\/span>\n\t\t\t\t\t<\/span>\n\t\t\t\t\t<\/a>\n\t\t\t\t<\/div>\n\t\t\t\t\t\t\t\t<\/div>\n\t\t\t\t<\/div>\n\t\t\t\t\t<\/div>\n\t\t<\/div>\n\t\t\t\t\t<\/div>\n\t\t<\/section>\n\t\t\t\t<\/div>\n\t\t","protected":false},"excerpt":{"rendered":"<p>VERRE \u00c0 LAVER &amp;LAVAGE INDUSTRIEL Depuis les d\u00e9buts de l\u2019entreprise dans les ann\u00e9es 1970, notre pr\u00e9occupation principale est de r\u00e9utiliser les bouteilles en verre et de promouvoir l\u2019\u00e9conomie circulaire. Contribution environnementaleNous nettoyons les bouteilles de vin, de bi\u00e8re et d\u2019eau min\u00e9rale vides, ainsi que les r\u00e9cipients alimentaires, en vue de leur r\u00e9utilisation: nous apportons donc [&hellip;]<\/p>\n","protected":false},"author":1,"featured_media":0,"parent":326,"menu_order":0,"comment_status":"closed","ping_status":"closed","template":"elementor_header_footer","meta":{"footnotes":""},"class_list":["post-351","page","type-page","status-publish","hentry"],"_links":{"self":[{"href":"https:\/\/vetrum.ch\/fr\/wp-json\/wp\/v2\/pages\/351","targetHints":{"allow":["GET"]}}],"collection":[{"href":"https:\/\/vetrum.ch\/fr\/wp-json\/wp\/v2\/pages"}],"about":[{"href":"https:\/\/vetrum.ch\/fr\/wp-json\/wp\/v2\/types\/page"}],"author":[{"embeddable":true,"href":"https:\/\/vetrum.ch\/fr\/wp-json\/wp\/v2\/users\/1"}],"replies":[{"embeddable":true,"href":"https:\/\/vetrum.ch\/fr\/wp-json\/wp\/v2\/comments?post=351"}],"version-history":[{"count":3,"href":"https:\/\/vetrum.ch\/fr\/wp-json\/wp\/v2\/pages\/351\/revisions"}],"predecessor-version":[{"id":739,"href":"https:\/\/vetrum.ch\/fr\/wp-json\/wp\/v2\/pages\/351\/revisions\/739"}],"up":[{"embeddable":true,"href":"https:\/\/vetrum.ch\/fr\/wp-json\/wp\/v2\/pages\/326"}],"wp:attachment":[{"href":"https:\/\/vetrum.ch\/fr\/wp-json\/wp\/v2\/media?parent=351"}],"curies":[{"name":"wp","href":"https:\/\/api.w.org\/{rel}","templated":true}]}}